{"id":45,"date":"2021-08-26T12:21:44","date_gmt":"2021-08-26T12:21:44","guid":{"rendered":"http:\/\/dummy.xtemos.com\/woodmart2\/elementor\/?page_id=45"},"modified":"2023-12-11T07:35:12","modified_gmt":"2023-12-11T07:35:12","slug":"compare","status":"publish","type":"page","link":"https:\/\/kalux.com\/en\/compare\/","title":{"rendered":"Compare"},"content":{"rendered":"\t\t<p class=\"wd-empty-compare wd-empty-page\">\n\t\t\tCompare list is empty.\t\t<\/p>\n\t\t\t\t\t<div class=\"wd-empty-page-text\">\n\t\t\t\tKar\u015f\u0131la\u015ft\u0131rma listesinde \u00fcr\u00fcn eklenmedi. Bunlar\u0131 kar\u015f\u0131la\u015ft\u0131rmak i\u00e7in baz\u0131 \u00fcr\u00fcnler eklemelisiniz. <br> \"Ma\u011faza\" sayfam\u0131zda bir\u00e7ok ilgin\u00e7 \u00fcr\u00fcn bulacaks\u0131n\u0131z.\t\t\t<\/div>\n\t\t\t\t<p class=\"return-to-shop\">\n\t\t\t<a class=\"button\" href=\"https:\/\/kalux.com\/urunler\/\">\n\t\t\t\tReturn to shop\t\t\t<\/a>\n\t\t<\/p>\n\t\t","protected":false},"excerpt":{"rendered":"","protected":false},"author":1,"featured_media":0,"parent":0,"menu_order":0,"comment_status":"closed","ping_status":"closed","template":"","meta":{"inline_featured_image":false,"footnotes":""},"class_list":["post-45","page","type-page","status-publish","hentry"],"yoast_head":"<!-- This site is optimized with the Yoast SEO plugin v25.0 - https:\/\/yoast.com\/wordpress\/plugins\/seo\/ -->\n<title>Compare - KALUX - Lighting<\/title>\n<meta name=\"description\" content=\"Compare\" \/>\n<meta name=\"robots\" content=\"index, follow, max-snippet:-1, max-image-preview:large, max-video-preview:-1\" \/>\n<link rel=\"canonical\" href=\"https:\/\/kalux.com\/en\/compare\/\" \/>\n<meta property=\"og:locale\" content=\"en_US\" \/>\n<meta property=\"og:type\" content=\"article\" \/>\n<meta property=\"og:title\" content=\"Compare - KALUX - Lighting\" \/>\n<meta property=\"og:description\" content=\"Compare\" \/>\n<meta property=\"og:url\" content=\"https:\/\/kalux.com\/en\/compare\/\" \/>\n<meta property=\"og:site_name\" content=\"KALUX - Lighting\" \/>\n<meta property=\"article:publisher\" content=\"https:\/\/www.facebook.com\/kalux.lighting\/\" \/>\n<meta property=\"article:modified_time\" content=\"2023-12-11T07:35:12+00:00\" \/>\n<meta name=\"twitter:card\" content=\"summary_large_image\" \/>\n<script type=\"application\/ld+json\" class=\"yoast-schema-graph\">{\"@context\":\"https:\/\/schema.org\",\"@graph\":[{\"@type\":\"WebPage\",\"@id\":\"https:\/\/kalux.com\/en\/compare\/\",\"url\":\"https:\/\/kalux.com\/en\/compare\/\",\"name\":\"Compare - KALUX - Lighting\",\"isPartOf\":{\"@id\":\"https:\/\/kalux.com\/en\/#website\"},\"datePublished\":\"2021-08-26T12:21:44+00:00\",\"dateModified\":\"2023-12-11T07:35:12+00:00\",\"description\":\"Compare\",\"breadcrumb\":{\"@id\":\"https:\/\/kalux.com\/en\/compare\/#breadcrumb\"},\"inLanguage\":\"en-US\",\"potentialAction\":[{\"@type\":\"ReadAction\",\"target\":[\"https:\/\/kalux.com\/en\/compare\/\"]}]},{\"@type\":\"BreadcrumbList\",\"@id\":\"https:\/\/kalux.com\/en\/compare\/#breadcrumb\",\"itemListElement\":[{\"@type\":\"ListItem\",\"position\":1,\"name\":\"Anasayfa\",\"item\":\"https:\/\/kalux.com\/en\/\"},{\"@type\":\"ListItem\",\"position\":2,\"name\":\"Compare\"}]},{\"@type\":\"WebSite\",\"@id\":\"https:\/\/kalux.com\/en\/#website\",\"url\":\"https:\/\/kalux.com\/en\/\",\"name\":\"KALUX - Lighting\",\"description\":\"interior and exterior LED lighting solutions\",\"publisher\":{\"@id\":\"https:\/\/kalux.com\/en\/#organization\"},\"potentialAction\":[{\"@type\":\"SearchAction\",\"target\":{\"@type\":\"EntryPoint\",\"urlTemplate\":\"https:\/\/kalux.com\/en\/?s={search_term_string}\"},\"query-input\":{\"@type\":\"PropertyValueSpecification\",\"valueRequired\":true,\"valueName\":\"search_term_string\"}}],\"inLanguage\":\"en-US\"},{\"@type\":\"Organization\",\"@id\":\"https:\/\/kalux.com\/en\/#organization\",\"name\":\"KALUX - Lighting\",\"url\":\"https:\/\/kalux.com\/en\/\",\"logo\":{\"@type\":\"ImageObject\",\"inLanguage\":\"en-US\",\"@id\":\"https:\/\/kalux.com\/en\/#\/schema\/logo\/image\/\",\"url\":\"https:\/\/kalux.com\/wp-content\/uploads\/2025\/04\/kalux_logo-2048x2048-1.png\",\"contentUrl\":\"https:\/\/kalux.com\/wp-content\/uploads\/2025\/04\/kalux_logo-2048x2048-1.png\",\"width\":2048,\"height\":2048,\"caption\":\"KALUX - Lighting\"},\"image\":{\"@id\":\"https:\/\/kalux.com\/en\/#\/schema\/logo\/image\/\"},\"sameAs\":[\"https:\/\/www.facebook.com\/kalux.lighting\/\",\"https:\/\/www.instagram.com\/kalux.lighting\/\",\"https:\/\/pinterest.com\/kalux_lighting\/\",\"https:\/\/www.youtube.com\/@KALUX.Lighting\"]}]}<\/script>\n<!-- \/ Yoast SEO plugin. -->","yoast_head_json":{"title":"Compare - KALUX - Lighting","description":"Compare","robots":{"index":"index","follow":"follow","max-snippet":"max-snippet:-1","max-image-preview":"max-image-preview:large","max-video-preview":"max-video-preview:-1"},"canonical":"https:\/\/kalux.com\/en\/compare\/","og_locale":"en_US","og_type":"article","og_title":"Compare - KALUX - Lighting","og_description":"Compare","og_url":"https:\/\/kalux.com\/en\/compare\/","og_site_name":"KALUX - Lighting","article_publisher":"https:\/\/www.facebook.com\/kalux.lighting\/","article_modified_time":"2023-12-11T07:35:12+00:00","twitter_card":"summary_large_image","schema":{"@context":"https:\/\/schema.org","@graph":[{"@type":"WebPage","@id":"https:\/\/kalux.com\/en\/compare\/","url":"https:\/\/kalux.com\/en\/compare\/","name":"Compare - KALUX - Lighting","isPartOf":{"@id":"https:\/\/kalux.com\/en\/#website"},"datePublished":"2021-08-26T12:21:44+00:00","dateModified":"2023-12-11T07:35:12+00:00","description":"Compare","breadcrumb":{"@id":"https:\/\/kalux.com\/en\/compare\/#breadcrumb"},"inLanguage":"en-US","potentialAction":[{"@type":"ReadAction","target":["https:\/\/kalux.com\/en\/compare\/"]}]},{"@type":"BreadcrumbList","@id":"https:\/\/kalux.com\/en\/compare\/#breadcrumb","itemListElement":[{"@type":"ListItem","position":1,"name":"Anasayfa","item":"https:\/\/kalux.com\/en\/"},{"@type":"ListItem","position":2,"name":"Compare"}]},{"@type":"WebSite","@id":"https:\/\/kalux.com\/en\/#website","url":"https:\/\/kalux.com\/en\/","name":"KALUX - Lighting","description":"interior and exterior LED lighting solutions","publisher":{"@id":"https:\/\/kalux.com\/en\/#organization"},"potentialAction":[{"@type":"SearchAction","target":{"@type":"EntryPoint","urlTemplate":"https:\/\/kalux.com\/en\/?s={search_term_string}"},"query-input":{"@type":"PropertyValueSpecification","valueRequired":true,"valueName":"search_term_string"}}],"inLanguage":"en-US"},{"@type":"Organization","@id":"https:\/\/kalux.com\/en\/#organization","name":"KALUX - Lighting","url":"https:\/\/kalux.com\/en\/","logo":{"@type":"ImageObject","inLanguage":"en-US","@id":"https:\/\/kalux.com\/en\/#\/schema\/logo\/image\/","url":"https:\/\/kalux.com\/wp-content\/uploads\/2025\/04\/kalux_logo-2048x2048-1.png","contentUrl":"https:\/\/kalux.com\/wp-content\/uploads\/2025\/04\/kalux_logo-2048x2048-1.png","width":2048,"height":2048,"caption":"KALUX - Lighting"},"image":{"@id":"https:\/\/kalux.com\/en\/#\/schema\/logo\/image\/"},"sameAs":["https:\/\/www.facebook.com\/kalux.lighting\/","https:\/\/www.instagram.com\/kalux.lighting\/","https:\/\/pinterest.com\/kalux_lighting\/","https:\/\/www.youtube.com\/@KALUX.Lighting"]}]}},"_links":{"self":[{"href":"https:\/\/kalux.com\/en\/wp-json\/wp\/v2\/pages\/45","targetHints":{"allow":["GET"]}}],"collection":[{"href":"https:\/\/kalux.com\/en\/wp-json\/wp\/v2\/pages"}],"about":[{"href":"https:\/\/kalux.com\/en\/wp-json\/wp\/v2\/types\/page"}],"author":[{"embeddable":true,"href":"https:\/\/kalux.com\/en\/wp-json\/wp\/v2\/users\/1"}],"replies":[{"embeddable":true,"href":"https:\/\/kalux.com\/en\/wp-json\/wp\/v2\/comments?post=45"}],"version-history":[{"count":1,"href":"https:\/\/kalux.com\/en\/wp-json\/wp\/v2\/pages\/45\/revisions"}],"predecessor-version":[{"id":15572,"href":"https:\/\/kalux.com\/en\/wp-json\/wp\/v2\/pages\/45\/revisions\/15572"}],"wp:attachment":[{"href":"https:\/\/kalux.com\/en\/wp-json\/wp\/v2\/media?parent=45"}],"curies":[{"name":"wp","href":"https:\/\/api.w.org\/{rel}","templated":true}]}}